{"id":7472,"date":"2024-02-16T10:56:25","date_gmt":"2024-02-16T10:56:25","guid":{"rendered":"https:\/\/fimobje.com.tr\/?post_type=product&#038;p=7472"},"modified":"2024-02-16T11:21:55","modified_gmt":"2024-02-16T11:21:55","slug":"aura-tutsuluk","status":"publish","type":"product","link":"https:\/\/fimobje.com.tr\/index.php\/urun\/aura-tutsuluk\/","title":{"rendered":"AURA T\u00dcTS\u00dcL\u00dcK"},"content":{"rendered":"<ul class=\"detail-desc-list\">\n<li>%100 el yap\u0131m\u0131d\u0131r. Mermerden \u00fcretilmi\u015ftir.\u00a0 \u00dcr\u00fcnler do\u011fal ta\u015f oldu\u011fu i\u00e7in renk ve damar desenlerinde farkl\u0131l\u0131k olabilir<\/li>\n<li>Bu \u00fcr\u00fcnden en fazla 15 adet sipari\u015f verilebilir. 15 adetin \u00fczerindeki sipari\u015fleri Fim Obje ip<\/li>\n<li>\u0130ncelemi\u015f oldu\u011funuz \u00fcr\u00fcn\u00fcn sat\u0131\u015f fiyat\u0131n\u0131 sat\u0131c\u0131 belirlemektedir.<\/li>\n<li>Bir \u00fcr\u00fcn, birden fazla sat\u0131c\u0131 taraf\u0131ndan sat\u0131labilir. Birden fazla sat\u0131c\u0131 taraf\u0131ndan sat\u0131\u015fa sunulan \u00fcr\u00fcnlerin sat\u0131c\u0131lar\u0131 \u00fcr\u00fcn i\u00e7in belirledikleri fiyata, sat\u0131c\u0131 puanlar\u0131na, teslimat stat\u00fclerine, \u00fcr\u00fcnlerdeki promosyonlara, kargonun bedava olup olma<\/li>\n<li>tal etme hakk\u0131n\u0131 sakl\u0131 tutar.<\/li>\n<li>Kampanya fiyat\u0131ndan sat\u0131lmak \u00fczere 5 adetten az stok bulunmaktad\u0131r.<\/li>\n<li>mas\u0131na ve \u00fcr\u00fcnlerin h\u0131zl\u0131 teslimat ile teslim edilip edilememesine, \u00fcr\u00fcnlerin stok ve ka<\/li>\n<li>tegorileri bilgilerine g\u00f6re s\u0131ralanmaktad\u0131r.<\/li>\n<\/ul>\n","protected":false},"excerpt":{"rendered":"<p>%100 el yap\u0131m\u0131d\u0131r. Mermerden \u00fcretilmi\u015ftir.\u00a0 \u00dcr\u00fcnler do\u011fal ta\u015f oldu\u011fu i\u00e7in renk ve damar desenlerinde farkl\u0131l\u0131k olabilir Bu \u00fcr\u00fcnden en fazla<\/p>\n","protected":false},"featured_media":7404,"comment_status":"open","ping_status":"closed","template":"","meta":[],"product_cat":[15],"product_tag":[],"class_list":["post-7472","product","type-product","status-publish","has-post-thumbnail","hentry","product_cat-genel"],"_links":{"self":[{"href":"https:\/\/fimobje.com.tr\/index.php\/wp-json\/wp\/v2\/product\/7472","targetHints":{"allow":["GET"]}}],"collection":[{"href":"https:\/\/fimobje.com.tr\/index.php\/wp-json\/wp\/v2\/product"}],"about":[{"href":"https:\/\/fimobje.com.tr\/index.php\/wp-json\/wp\/v2\/types\/product"}],"replies":[{"embeddable":true,"href":"https:\/\/fimobje.com.tr\/index.php\/wp-json\/wp\/v2\/comments?post=7472"}],"wp:featuredmedia":[{"embeddable":true,"href":"https:\/\/fimobje.com.tr\/index.php\/wp-json\/wp\/v2\/media\/7404"}],"wp:attachment":[{"href":"https:\/\/fimobje.com.tr\/index.php\/wp-json\/wp\/v2\/media?parent=7472"}],"wp:term":[{"taxonomy":"product_cat","embeddable":true,"href":"https:\/\/fimobje.com.tr\/index.php\/wp-json\/wp\/v2\/product_cat?post=7472"},{"taxonomy":"product_tag","embeddable":true,"href":"https:\/\/fimobje.com.tr\/index.php\/wp-json\/wp\/v2\/product_tag?post=7472"}],"curies":[{"name":"wp","href":"https:\/\/api.w.org\/{rel}","templated":true}]}}