{"id":7282,"date":"2023-06-24T12:38:13","date_gmt":"2023-06-24T12:38:13","guid":{"rendered":"https:\/\/fimobje.com.tr\/?page_id=7282"},"modified":"2023-06-24T12:38:37","modified_gmt":"2023-06-24T12:38:37","slug":"hakkimizda","status":"publish","type":"page","link":"https:\/\/fimobje.com.tr\/index.php\/hakkimizda\/","title":{"rendered":"Hakk\u0131m\u0131zda"},"content":{"rendered":"<div>Benzersiz ve s\u00fcrekli yenilik\u00e7i projeler yaparak g\u00fczellikler yarat\u0131yoruz.<\/div>\n<div>Bu, yaln\u0131zca piyasada mevcut olan en iyi ta\u015flar\u0131n se\u00e7ilmesi ve m\u00fc\u015fterilerimizin ihtiya\u00e7lar\u0131na s\u00fcrekli odaklanma sayesinde m\u00fcmk\u00fcnd\u00fcr.<\/div>\n<div><\/div>\n<div>\u00c7al\u0131\u015fman\u0131n insan durumunu iyile\u015ftirdi\u011fine inan\u0131yoruz, bu nedenle \u00e7al\u0131\u015fma alan\u0131m\u0131za her zaman \u00f6zen g\u00f6steriyoruz;<\/div>\n<div>g\u00fcnl\u00fck olarak g\u00fcvenlik standartlar\u0131n\u0131 ve i\u015f memnuniyetini geli\u015ftirmeye \u00e7al\u0131\u015f\u0131yoruz.<\/div>\n<div>Yapt\u0131\u011f\u0131m\u0131z, bildi\u011fimiz, ilgilendi\u011fimiz ve oldu\u011fumuz her \u015fey budur.<\/p>\n<p>15 y\u0131ld\u0131r aksesuar modelleme yapan F\u0130MOBJE yenilik\u00e7i kavram\u0131m\u0131z\u0131 halk ile bulu\u015fturarak yeni \u00fcr\u00fcnlerimizi sat\u0131\u015fa sunmaktan&nbsp; mutluluk duyar\u0131z.<\/p>\n<\/div>\n","protected":false},"excerpt":{"rendered":"<p>Benzersiz ve s\u00fcrekli yenilik\u00e7i projeler yaparak g\u00fczellikler yarat\u0131yoruz. Bu, yaln\u0131zca piyasada mevcut olan en iyi ta\u015flar\u0131n se\u00e7ilmesi ve m\u00fc\u015fterilerimizin ihtiya\u00e7lar\u0131na<\/p>\n","protected":false},"author":1,"featured_media":0,"parent":0,"menu_order":0,"comment_status":"closed","ping_status":"closed","template":"","meta":{"footnotes":""},"class_list":["post-7282","page","type-page","status-publish","hentry"],"_links":{"self":[{"href":"https:\/\/fimobje.com.tr\/index.php\/wp-json\/wp\/v2\/pages\/7282","targetHints":{"allow":["GET"]}}],"collection":[{"href":"https:\/\/fimobje.com.tr\/index.php\/wp-json\/wp\/v2\/pages"}],"about":[{"href":"https:\/\/fimobje.com.tr\/index.php\/wp-json\/wp\/v2\/types\/page"}],"author":[{"embeddable":true,"href":"https:\/\/fimobje.com.tr\/index.php\/wp-json\/wp\/v2\/users\/1"}],"replies":[{"embeddable":true,"href":"https:\/\/fimobje.com.tr\/index.php\/wp-json\/wp\/v2\/comments?post=7282"}],"version-history":[{"count":2,"href":"https:\/\/fimobje.com.tr\/index.php\/wp-json\/wp\/v2\/pages\/7282\/revisions"}],"predecessor-version":[{"id":7285,"href":"https:\/\/fimobje.com.tr\/index.php\/wp-json\/wp\/v2\/pages\/7282\/revisions\/7285"}],"wp:attachment":[{"href":"https:\/\/fimobje.com.tr\/index.php\/wp-json\/wp\/v2\/media?parent=7282"}],"curies":[{"name":"wp","href":"https:\/\/api.w.org\/{rel}","templated":true}]}}