{"id":7274,"date":"2023-06-13T09:59:28","date_gmt":"2023-06-13T09:59:28","guid":{"rendered":"https:\/\/fimobje.com.tr\/?page_id=7274"},"modified":"2023-06-13T09:59:28","modified_gmt":"2023-06-13T09:59:28","slug":"kisisel-verilerin-islenmesine-iliskin-riza-metni","status":"publish","type":"page","link":"https:\/\/fimobje.com.tr\/index.php\/kisisel-verilerin-islenmesine-iliskin-riza-metni\/","title":{"rendered":"Ki\u015fisel Verilerin \u0130\u015flenmesine \u0130li\u015fkin R\u0131za Metni"},"content":{"rendered":"<p><strong>Ki\u015fisel Verilerin \u0130\u015flenmesine \u0130li\u015fkin R\u0131za Metni<\/strong><\/p>\n<p>Fim Obje Marble (\u201cFim Obje\u201d veya \u201c\u015eirket\u201d olarak an\u0131lmaktad\u0131r) taraf\u0131ndan https:\/\/www.fimobje.com.tr internet sitesi \u00fczerinden y\u00fcr\u00fct\u00fclen faaliyetlerle ilgili olarak sizleri bilgilendirmek isteriz. https:\/\/www.fimobje.com.tr internet sitesi \u00fczerinden al\u0131\u015fveri\u015f yapabilmek i\u00e7in \u00fcyelik \u015fart\u0131 bulunmamaktad\u0131r. Dolay\u0131s\u0131yla platformumuzda \u00fcyelik bir hizmet ko\u015fulu olarak sunulmamaktad\u0131r. \u00dcye olmadan al\u0131\u015fveri\u015f yapma se\u00e7ene\u011finden farkl\u0131 olarak \u00fcyelik se\u00e7ene\u011fi; al\u0131\u015fkanl\u0131klar\u0131, al\u0131\u015fveri\u015f ge\u00e7mi\u015fi, incelemeleri takip edilip de\u011ferlendirilerek kendisine \u00f6zg\u00fc ki\u015fiselle\u015ftirilmi\u015f bir hizmet almak isteyen kullan\u0131c\u0131lar i\u00e7in tasarlanm\u0131\u015ft\u0131r. Ki\u015fiye \u00f6zg\u00fc bu avantajlar\u0131n sunulmas\u0131 i\u00e7in ise baz\u0131 ki\u015fisel verilerinizin a\u015fa\u011f\u0131da detayland\u0131r\u0131ld\u0131\u011f\u0131 \u015fekilde belirtilen ama\u00e7larla i\u015flenmesi, anla\u015fmal\u0131 profesyonel i\u015f ortaklar\u0131m\u0131zla payla\u015f\u0131lmas\u0131 ve teknoloji alan\u0131ndaki tedarik\u00e7ilerimiz taraf\u0131ndan sa\u011flanan programlar\u0131m\u0131za ve\/veya sistemlerimize kaydedilmesi gerekebilmektedir. Siz m\u00fc\u015fterilerimizin memnuniyetinin sa\u011flanmas\u0131 i\u00e7in i\u015flenmesi gereken ki\u015fisel verilerinizden baz\u0131lar\u0131; Ki\u015fisel Verilerin Korunmas\u0131 Kanunu\u2019nda yer alan ve r\u0131zaya tabi olmayan veri i\u015fleme \u015fartlar\u0131n\u0131n kapsam\u0131nda olmamas\u0131 nedeniyle, ancak siz m\u00fc\u015fterilerimizin konu \u00f6zelinde beyan edece\u011fi a\u00e7\u0131k r\u0131zaya ba\u011fl\u0131d\u0131r. R\u0131za vermek istemiyorsan\u0131z, \u201c\u00dcye Olmadan Devam Et\u201d se\u00e7ene\u011fi ile sitemize \u00fcye olmadan al\u0131\u015fveri\u015f yapabilirsiniz.<\/p>\n<p>A\u00e7\u0131k r\u0131zan\u0131za ba\u011fl\u0131 olarak;<\/p>\n<p><strong>1- \u0130\u015flenen Ki\u015fisel Veriler ve Toplama Y\u00f6ntemleri:<\/strong><\/p>\n<p>Siz M\u00fc\u015fterilerimizin \u00e7evrimi\u00e7i ve\/veya bas\u0131l\u0131 formlar vas\u0131tas\u0131yla payla\u015ft\u0131\u011f\u0131 kimlik bilgileriniz (isim, soyisim, do\u011fum tarihi, cinsiyet), ileti\u015fim bilgileriniz (e-posta adresi, fatura ve teslimat adresleri, cep telefonu numaras\u0131); internet sitemizi kullan\u0131m\u0131z s\u0131ras\u0131nda toplanan m\u00fc\u015fteri i\u015flem bilgileriniz (talep bilgileri, sipari\u015f bilgileri, fatura bilgileri, m\u00fc\u015fteri yorumlar\u0131), pazarlama bilgileriniz (\u00e7erez kay\u0131tlar\u0131, al\u0131\u015fveri\u015f ge\u00e7mi\u015fi, a\u00e7\u0131k veya \u00f6rt\u00fcl\u00fc kullan\u0131c\u0131 reytingleri), i\u015flem g\u00fcvenli\u011fi bilgileri (IP Adresi Bilgileri, \u0130nternet Sitesi Giri\u015f \u00c7\u0131k\u0131\u015f Bilgileri, Kullan\u0131c\u0131 Ad\u0131 Bilgileri, \u015eifre Bilgileri, Ba\u011flant\u0131 Zaman\u0131 \/ S\u00fcresi gibi Trafik Verileri) ile internet taray\u0131c\u0131n\u0131z ve\/veya \u015eirketimiz mobil uygulamas\u0131ndaki veya internet sitemizi kullan\u0131rken internet taray\u0131c\u0131n\u0131zdaki tercihlerinize g\u00f6re toplanabilecek lokasyon verileriniz i\u015flenecektir.<\/p>\n<p><strong>2- \u0130\u015flenen Ki\u015fisel Verilerin \u0130\u015fleme Ama\u00e7lar\u0131 ve Hukuki Sebebi:<\/strong><\/p>\n<p>Yukar\u0131da say\u0131lan ki\u015fisel verileriniz, r\u0131za g\u00f6stererek Fim Obje\u00fcyesi olman\u0131z halinde; size \u00f6zel reklam, promosyon ve kampanyalar\u0131n olu\u015fturulmas\u0131, \u00e7apraz sat\u0131\u015f yap\u0131lmas\u0131, hedef kitle belirlenmesi, m\u00fc\u015fteri hareketleriniz takip edilerek kullan\u0131c\u0131 deneyiminizi artt\u0131r\u0131c\u0131 faaliyetlerin y\u00fcr\u00fct\u00fclmesi ve Fim Obje&#8217;ye ait internet sitesi ile mobil uygulaman\u0131n i\u015fleyi\u015finin geli\u015ftirilmesi ve m\u00fc\u015fteri ihtiya\u00e7lar\u0131na g\u00f6re ki\u015fiselle\u015ftirilmesi, do\u011frudan ve do\u011frudan olmayan pazarlama, ki\u015fiye \u00f6zel pazarlama ve yeniden pazarlama faaliyetlerinin y\u00fcr\u00fct\u00fclmesi, ki\u015fiye \u00f6zel segmentasyon, hedefleme, analiz ve \u015firket i\u00e7i raporlama faaliyetlerinin y\u00fcr\u00fct\u00fclmesi, pazar ara\u015ft\u0131rmalar\u0131, m\u00fc\u015fteri memnuniyeti aktivitelerinin planlanmas\u0131 ve icras\u0131 ile m\u00fc\u015fteri ili\u015fkileri y\u00f6netimi s\u00fcre\u00e7lerinin planlanmas\u0131 ve icras\u0131 ama\u00e7lar\u0131yla dahil olmak \u00fczere dahil olmak \u00fczere Fim Obje&#8217;nin ve Fim Obje ile anla\u015fmal\u0131 profesyonel i\u015f ortaklar\u0131n\u0131n \u00fcr\u00fcn ve\/veya hizmetlerinin sat\u0131\u015f ve pazarlama s\u00fcre\u00e7lerinin planlanmas\u0131 ve icras\u0131, Fim Obje!ninsundu\u011fu \u00fcr\u00fcn ve\/veya hizmetlere ba\u011fl\u0131l\u0131k olu\u015fturulmas\u0131 ve\/veya artt\u0131r\u0131lmas\u0131 s\u00fcre\u00e7lerinin planlanmas\u0131 ve icras\u0131, t\u00fcm bu a\u00e7\u0131klanan kapsamlarda sizinle ileti\u015fim faaliyetlerinin y\u00fcr\u00fct\u00fclmesi kapsam\u0131nda; KVKK\u2019n\u0131n 5. maddesinin 1. f\u0131kras\u0131 \u201ca\u00e7\u0131k r\u0131za\u201d hukuki sebebine ba\u011fl\u0131 olarak i\u015flenebilecek ve ayn\u0131 ama\u00e7lar ve hukuki sebep kapsam\u0131nda yurti\u00e7i ve yurtd\u0131\u015f\u0131ndaki \u00fc\u00e7\u00fcnc\u00fc ki\u015filerle payla\u015f\u0131labilecektir.<\/p>\n<p><strong>3- \u0130\u015flenen Ki\u015fisel Verilere \u0130li\u015fkin Haklar\u0131n\u0131z:<\/strong><\/p>\n<p>KVKK\u2019n\u0131n 11. maddesi kapsam\u0131nda;<\/p>\n<p>\u00b7 Ki\u015fisel verilerinizin i\u015flenip i\u015flenmedi\u011fini \u00f6\u011frenme,<br \/>\n\u00b7 Ki\u015fisel verileriniz i\u015flenmi\u015fse buna ili\u015fkin bilgi talep etme,<br \/>\n\u00b7 Ki\u015fisel verilerinizin i\u015flenme amac\u0131n\u0131 ve bunlar\u0131n amac\u0131na uygun kullan\u0131l\u0131p kullan\u0131lmad\u0131\u011f\u0131n\u0131 \u00f6\u011frenme,<br \/>\n\u00b7 Yurt i\u00e7inde veya yurt d\u0131\u015f\u0131nda ki\u015fisel verilerinizin aktar\u0131ld\u0131\u011f\u0131 \u00fc\u00e7\u00fcnc\u00fc ki\u015fileri bilme,<br \/>\n\u00b7 Ki\u015fisel verilerinizin eksik veya yanl\u0131\u015f i\u015flenmi\u015f olmas\u0131 halinde bunlar\u0131n d\u00fczeltilmesini isteme,<br \/>\n\u00b7 KVKK mevzuat\u0131nda \u00f6ng\u00f6r\u00fclen \u015fartlar \u00e7er\u00e7evesinde ki\u015fisel verilerinizin silinmesini veya yok edilmesini isteme,<br \/>\n\u00b7 Eksik veya yanl\u0131\u015f verilerinizin d\u00fczeltilmesi ile ki\u015fisel verilerinizin silinmesi veya yok edilmesini talep etmesi halinde, bu durumun ki\u015fisel verilerinizin aktar\u0131ld\u0131\u011f\u0131 \u00fc\u00e7\u00fcnc\u00fc ki\u015filere bildirilmesini isteme,<br \/>\n\u00b7 \u0130stenen verilerinizin m\u00fcnhas\u0131ran otomatik sistemler vas\u0131tas\u0131yla analiz edilmesi suretiyle aleyhe bir sonucun ortaya \u00e7\u0131kmas\u0131 durumunda sonuca itiraz etme ve<br \/>\n\u00b7 Ki\u015fisel verilerinizin kanuna ayk\u0131r\u0131 olarak i\u015flenmesi sebebiyle zarara u\u011framas\u0131 halinde bu zarar\u0131n giderilmesini talep etme,<br \/>\nhaklar\u0131na sahipsiniz.<\/p>\n<p>Yukar\u0131da yer alan t\u00fcm ki\u015fisel verilerinizin belirtilen i\u015fleme ama\u00e7lar\u0131 ile s\u0131n\u0131rl\u0131 olmak \u00fczere i\u015flenmesine hi\u00e7bir bask\u0131 alt\u0131nda kalmadan ve a\u00e7\u0131k bi\u00e7imde muvafakat etti\u011finizi, \u00fcye ol sayfas\u0131ndaki \u201c\u00dcye Ol\u201d butonuna t\u0131klayarak kabul etmi\u015f olacaks\u0131n\u0131z.<\/p>\n","protected":false},"excerpt":{"rendered":"<p>Ki\u015fisel Verilerin \u0130\u015flenmesine \u0130li\u015fkin R\u0131za Metni Fim Obje Marble (\u201cFim Obje\u201d veya \u201c\u015eirket\u201d olarak an\u0131lmaktad\u0131r) taraf\u0131ndan https:\/\/www.fimobje.com.tr internet sitesi \u00fczerinden<\/p>\n","protected":false},"author":1,"featured_media":0,"parent":0,"menu_order":0,"comment_status":"closed","ping_status":"closed","template":"","meta":{"footnotes":""},"class_list":["post-7274","page","type-page","status-publish","hentry"],"_links":{"self":[{"href":"https:\/\/fimobje.com.tr\/index.php\/wp-json\/wp\/v2\/pages\/7274","targetHints":{"allow":["GET"]}}],"collection":[{"href":"https:\/\/fimobje.com.tr\/index.php\/wp-json\/wp\/v2\/pages"}],"about":[{"href":"https:\/\/fimobje.com.tr\/index.php\/wp-json\/wp\/v2\/types\/page"}],"author":[{"embeddable":true,"href":"https:\/\/fimobje.com.tr\/index.php\/wp-json\/wp\/v2\/users\/1"}],"replies":[{"embeddable":true,"href":"https:\/\/fimobje.com.tr\/index.php\/wp-json\/wp\/v2\/comments?post=7274"}],"version-history":[{"count":1,"href":"https:\/\/fimobje.com.tr\/index.php\/wp-json\/wp\/v2\/pages\/7274\/revisions"}],"predecessor-version":[{"id":7276,"href":"https:\/\/fimobje.com.tr\/index.php\/wp-json\/wp\/v2\/pages\/7274\/revisions\/7276"}],"wp:attachment":[{"href":"https:\/\/fimobje.com.tr\/index.php\/wp-json\/wp\/v2\/media?parent=7274"}],"curies":[{"name":"wp","href":"https:\/\/api.w.org\/{rel}","templated":true}]}}