{"id":7262,"date":"2023-06-13T09:45:25","date_gmt":"2023-06-13T09:45:25","guid":{"rendered":"https:\/\/fimobje.com.tr\/?page_id=7262"},"modified":"2023-06-13T09:45:25","modified_gmt":"2023-06-13T09:45:25","slug":"mesafeli-satis-sozlesmesi","status":"publish","type":"page","link":"https:\/\/fimobje.com.tr\/index.php\/mesafeli-satis-sozlesmesi\/","title":{"rendered":"Mesafeli Sat\u0131\u015f S\u00f6zle\u015fmesi"},"content":{"rendered":"<p><strong>MESAFEL\u0130 SATI\u015e S\u00d6ZLE\u015eMES\u0130<\/strong><\/p>\n<p><strong>S\u00d6ZLE\u015eME TARAFLARI<\/strong><\/p>\n<p>SATICI: fimmer Granit Mermer<\/p>\n<p>S\u0130C\u0130L NO: 57555<\/p>\n<p>\u0130stiklal V.D. 3881490076<\/p>\n<p>ADRES: 75.Y\u0131l Mahallesi Kurtulu\u015f Caddesi Ta\u015fmahal Mermer No.17 Taksim.a Mezitli\/Mersin<\/p>\n<p>WEB ADRES\u0130: www.fimobje.com.tr<\/p>\n<p>E-MAIL: info@fimobje.com.tr<\/p>\n<p>ALICI: M\u00fc\u015fteri<\/p>\n<p><strong>TARAFLAR VE KONU<\/strong><\/p>\n<p>\u0130\u015fbu s\u00f6zle\u015fme www.fimobje.com.tr internet sitesinden (bundan sonra \u0130NTERNET S\u0130TES\u0130 olarak an\u0131lacakt\u0131r) \u00fcr\u00fcn (bundan sonra \u00dcR\u00dcN\/\u00dcR\u00dcNLER olarak an\u0131lacakt\u0131r) sat\u0131n alacak ki\u015fi (bundan sonra ALICI olarak an\u0131lacakt\u0131r) ile Merkez Mh 52127 Sk Eyl\u00fcl Park No:26\/A Mezitli Mersin adresinde bulunan sat\u0131c\u0131 firma Fim Obje Marble (bundan sonra SATICI olarak an\u0131lacakt\u0131r) aras\u0131ndaki al\u0131\u015fveri\u015fe ili\u015fkin olarak, ALICI taraf\u0131ndan elektronik ortamda doldurulan, \u00dcR\u00dcN ile ilgili \u00f6zelliklerin, nitelik-niceli\u011finin, sat\u0131\u015f fiyat\u0131n\u0131n, sat\u0131\u015f bedelinin tahsilat us\u00fcl-\u015fartlar\u0131n\u0131n ve sat\u0131\u015f tarihinin belirtildi\u011fi sipari\u015f formu ile T\u00fcketicilerin Korunmas\u0131 Hakk\u0131ndaki Kanun ve Mesafeli S\u00f6zle\u015fmeler Uygulama Esas ve Usulleri Hakk\u0131nda Y\u00f6netmelik h\u00fck\u00fcmleri kapsam\u0131nda taraflar\u0131n hak, hukuk ve y\u00fck\u00fcml\u00fcl\u00fcklerini tespit eder. \u0130lan edilen fiyatlar ve vaatler g\u00fcncelleme yap\u0131lana ve de\u011fi\u015ftirilene kadar ge\u00e7erlidir. S\u00fcreli olarak ilan edilen fiyatlar ise belirtilen s\u00fcre sonuna kadar ge\u00e7erlidir.<\/p>\n<p><strong>MADDE 1. CAYMA HAKKI VE CAYMA HAKKININ \u0130ST\u0130SNASI<\/strong><\/p>\n<p>SATICI, ALICI (T\u00fcketici)\u2019ya a\u015fa\u011f\u0131daki taahh\u00fctte bulunmaktad\u0131r. \u201cT\u00fcketicinin hi\u00e7bir hukuki ve cezai sorumluluk \u00fcstlenmeksizin ve hi\u00e7bir gerek\u00e7e g\u00f6stermeksizin mal\u0131 teslim ald\u0131\u011f\u0131 veya s\u00f6zle\u015fmenin imzaland\u0131\u011f\u0131 tarihten itibaren ond\u00f6rt g\u00fcn i\u00e7erisinde mal\u0131 veya hizmeti reddederek s\u00f6zle\u015fmeden cayma hakk\u0131n\u0131n var oldu\u011funu ve cayma bildiriminin sat\u0131c\u0131 veya sa\u011flay\u0131c\u0131ya ula\u015fmas\u0131 tarihinden itibaren mal\u0131 iade almay\u0131 taahh\u00fct ederiz.<\/p>\n<p>Al\u0131c\u0131n\u0131n cayma hakk\u0131n\u0131 kullanabilmesi i\u00e7in bu s\u00fcre i\u00e7inde SATICI\u2019ya yaz\u0131l\u0131 bildirimde bulunulmas\u0131 ve bu bildirimin ard\u0131ndan en ge\u00e7 10 g\u00fcn i\u00e7erisinde mal\u0131 aynen a\u00e7\u0131lmam\u0131\u015f \u015fekilde iade g\u00f6ndermesi \u015fartt\u0131r. Bu hakk\u0131n kullan\u0131lmas\u0131 halinde, 3. ki\u015fiye veya ALICI\u2019ya teslim edilen \u00dcR\u00dcN\u2019\u00fcn SATICI\u2019ya g\u00f6nderildi\u011fine ili\u015fkin kargo teslim tutana\u011f\u0131 \u00f6rne\u011fi ile fatura asl\u0131n\u0131n da iadesi zorunludur. Bu belgelerin ve \u00fcr\u00fcn\u00fcn SATICIYA ula\u015fmas\u0131n\u0131 takip eden 10 (on) g\u00fcn i\u00e7inde \u00dcR\u00dcN bedeli ALICI\u2019ya iade edilir. Kredi kartl\u0131 \u00f6demelerde iade i\u015flemi de ALICI kredi kart\u0131na veya ALICININ banka hesab\u0131na iade sureti ile yap\u0131l\u0131r. Vergi mevzuat\u0131 gere\u011fi fatura asl\u0131 g\u00f6nderilmez ise KDV ve varsa sair yasal y\u00fck\u00fcml\u00fcl\u00fckler iade edilemez. \u0130ade edilen \u00fcr\u00fcn\u00fcn kargo bedeli ALICI taraf\u0131ndan kar\u015f\u0131lan\u0131r. Son kullanma tarihi ge\u00e7me ihtimali olan bir \u00dcR\u00dcN s\u00f6z konusu oldu\u011funda ALICI cayma hakk\u0131n\u0131 kullanamaz.<\/p>\n<p>Keza teslimden sonra ambalaj\u0131, band\u0131, paketi gibi koruyucu unsurlar\u0131 a\u00e7\u0131lm\u0131\u015f olan \u00fcr\u00fcnlerin ise iadesi sa\u011fl\u0131k ve hijyen a\u00e7\u0131s\u0131ndan uygun olmad\u0131\u011f\u0131ndan hi\u00e7bir \u015fekilde cayma hakk\u0131 kullan\u0131lamaz. \u00dcr\u00fcn ambalaj\u0131n\u0131n a\u00e7\u0131lmas\u0131 cayma hakk\u0131n\u0131n istisnas\u0131 kapsam\u0131ndad\u0131r.<\/p>\n<p><strong>MADDE 2. GENEL H\u00dcK\u00dcMLER<\/strong><\/p>\n<p>2.1. ALICI, \u0130NTERNET S\u0130TES\u0130\u2019nde g\u00f6sterilen \u00fcr\u00fcnlerin temel nitelikleri, sat\u0131\u015f fiyat\u0131 ve \u00f6deme \u015fekli ile teslimata ili\u015fkin \u00f6n bilgileri okuyup bilgi sahibi oldu\u011funu ve elektronik ortamda sat\u0131\u015f i\u00e7in gerekli teyidi verdi\u011fini kabul eder.<\/p>\n<p>2.2. \u00dcR\u00dcN, ALICI\u2019n\u0131n \u0130NTERNET S\u0130TES\u0130 \u00fczerinde belirtti\u011fi teslimat adresine, faturas\u0131 ile birlikte paketlenmi\u015f ve sa\u011flam olarak en ge\u00e7 30 g\u00fcn i\u00e7inde teslim edilir.<\/p>\n<p>2.3. \u00dcR\u00dcN, ALICI\u2019dan ba\u015fka bir ki\u015fi\/kurulu\u015fa teslim edilecek ise, teslim edilecek ki\u015fi\/kurulu\u015fun teslimat\u0131 kabul etmemesinden SATICI sorumlu tutulamaz.<\/p>\n<p>2.4. ALICI, \u00dcR\u00dcN\u2019\u00fc teslim ald\u0131\u011f\u0131 anda kontrol etmekle ve \u00dcR\u00dcN\u2019de kargodan kaynaklanan bir sorun g\u00f6rd\u00fc\u011f\u00fcnde, \u00dcR\u00dcN\u2019\u00fc kabul etmemekle ve KARGO firmas\u0131 yetkilisine tutanak tutturmakla sorumludur. Aksi halde SATICI sorumluluk kabul etmeyecektir.<\/p>\n<p>2.5. \u0130NTERNET S\u0130TES\u0130\u2019nden al\u0131\u015fveri\u015f s\u0131ras\u0131nda ALICI taraf\u0131ndan onaylanan S\u00f6zle\u015fme her durumda yeterli ve ge\u00e7erlidir.<\/p>\n<p>2.6. ALICI, SATICI taraf\u0131ndan aksi yaz\u0131l\u0131 \u00f6ng\u00f6r\u00fclmemi\u015f ise, \u00dcR\u00dcN\u2019\u00fc teslim almadan \u00f6nce bedelini tamamen \u00f6demi\u015f olmas\u0131 gerekir. Teslimattan \u00f6nce \u00dcR\u00dcN bedeli SATICI\u2019ya \u00f6denmedi\u011fi takdirde, SATICI tek tarafl\u0131 olarak s\u00f6zle\u015fmeyi iptal edebilir ve \u00dcR\u00dcN\u2019\u00fc teslim etmeyebilir.<\/p>\n<p>2.7. \u00dcR\u00dcN teslimat\u0131 sonras\u0131nda herhangi bir sebepten dolay\u0131, i\u015flem yap\u0131lan kredi kart\u0131n\u0131n ait oldu\u011fu Banka\/finansman kurumunun \u00dcR\u00dcN bedelini SATICI\u2019ya \u00f6dememesi halinde, \u00dcR\u00dcN en ge\u00e7 3 g\u00fcn i\u00e7inde ALICI taraf\u0131ndan t\u00fcm giderleri ALICI\u2019ya ait olmak \u00fczere SATICI\u2019ya iade edilir. SATICI\u2019n\u0131n \u00dcR\u00dcN bedeli alaca\u011f\u0131n\u0131 takip dahil di\u011fer t\u00fcm akdi-kanuni haklar\u0131 ayr\u0131ca ve her h\u00fclakarda sakl\u0131d\u0131r. Teredd\u00fcte mahal vermemek bak\u0131m\u0131ndan; Bankalar ve finansman kurulu\u015flar\u0131 gibi kredi kart\u0131, taksit kart v.b. veren kurulu\u015flarca sa\u011flanan vadeli \/ taksitli \u00f6deme imkanlar\u0131 bir kredi ve\/veya do\u011frudan an\u0131lan kurulu\u015fca sa\u011flanm\u0131\u015f taksitli \u00f6deme imkan\u0131d\u0131r; bu \u00e7er\u00e7evede ger\u00e7ekle\u015fen ve SATICI\u2019n\u0131n bedelini tamamen tahsil etti\u011fi \u00dcR\u00dcN sat\u0131\u015flar\u0131 i\u015fbu S\u00f6zle\u015fme\u2019nin taraflar\u0131 y\u00f6n\u00fcnden taksitli sat\u0131\u015f say\u0131lmaz, pe\u015fin sat\u0131\u015ft\u0131r. SATICI\u2019n\u0131n kanunen taksitle sat\u0131\u015f say\u0131lan hallerdeki yasal haklar\u0131 (taksitlerden herhangi birinin \u00f6denmemesi halinde s\u00f6zle\u015fmeyi fesih ve\/veya kalan borcun t\u00fcm\u00fcn\u00fcn temerr\u00fct faizi ile birlikte \u00f6denmesini talep haklar\u0131 dahil) mevcut ve sakl\u0131d\u0131r. ALICI\u2019n\u0131n temerr\u00fcd\u00fc durumunda ayl\u0131k % 5 oran\u0131nda temerr\u00fct faizi tatbik edilir.<\/p>\n<p>2.8. \u00dcR\u00dcN\u2019\u00fcn normal sat\u0131\u015f ko\u015fullar\u0131 d\u0131\u015f\u0131nda ola\u011fan\u00fcst\u00fc durumlar (hava muhalefeti, deprem, sel, yang\u0131n gibi) nedeni ile 30 g\u00fcnl\u00fck s\u00fcre zarf\u0131nda teslim edilememesi ve gecikmenin 10 g\u00fcn\u00fc a\u015fmas\u0131 s\u00f6z konusu ise, SATICI teslimat ile ilgili olarak ALICI\u2019y\u0131 bilgilendirir. Bu durumda ALICI sipari\u015fi iptal edebilir, benzer bir \u00fcr\u00fcn sipari\u015f edebilir veya ola\u011fan\u00fcst\u00fc durum sonuna kadar bekleyebilir. Sipari\u015f iptallerinde \u00dcR\u00dcN bedeli tahsil edilmi\u015f ise iptalden itibaren 10 g\u00fcn i\u00e7inde ALICI\u2019ya iade edilir. Kredi kartl\u0131 \u00f6demelerde iade i\u015flemi de ALICI kredi kart\u0131na ya da ALICI banka hesab\u0131na iade sureti ile yap\u0131l\u0131r.<\/p>\n<p>2.9. ALICI \u00dcR\u00dcN ve sat\u0131\u015fla ilgili talep ve \u015fikayetlerini S\u00f6zle\u015fme\u2019nin giri\u015f k\u0131sm\u0131ndaki SATICI ile\u015fitim kanallar\u0131 ile SATICI\u2019ya bildirebilir.<\/p>\n<p><strong>MADDE 3. DEL\u0130L ANLA\u015eMASI VE YETK\u0130L\u0130 MAHKEME<\/strong><\/p>\n<p>Bu S\u00f6zle\u015fme\u2019den ve\/veya uygulanmas\u0131ndan do\u011fabilecek her t\u00fcrl\u00fc uyu\u015fmazl\u0131\u011f\u0131n \u00e7\u00f6z\u00fcm\u00fcnde SATICI kay\u0131tlar\u0131 (bilgisayar-ses kay\u0131tlar\u0131 gibi manyetik ortamdaki kay\u0131tlar dahil) kesin delil olu\u015fturur; Bilim, Sanayi ve Teknoloji Bakanl\u0131\u011f\u0131\u2019nca ilan edilen de\u011fere kadar T\u00fcketici Hakem Heyetleri, a\u015fan durumlarda Mersin T\u00fcketici Mahkemeleri ve \u0130cra M\u00fcd\u00fcrl\u00fckleri yetkilidir.<\/p>\n<p>ALICI bu s\u00f6zle\u015fmede ve ayr\u0131lmaz par\u00e7as\u0131n\u0131 olu\u015fturan sipari\u015f formunda yaz\u0131l\u0131 t\u00fcm ko\u015fullar\u0131 ve a\u00e7\u0131klamalar\u0131 okudu\u011funu, sat\u0131\u015f ko\u015fullar\u0131n\u0131n ve sair t\u00fcm \u00f6n bilgileri ald\u0131\u011f\u0131n\u0131, inceledi\u011fini ve tamam\u0131n\u0131 kabul etti\u011fini beyan, kabul ve taahh\u00fct eder.<\/p>\n","protected":false},"excerpt":{"rendered":"<p>MESAFEL\u0130 SATI\u015e S\u00d6ZLE\u015eMES\u0130 S\u00d6ZLE\u015eME TARAFLARI SATICI: fimmer Granit Mermer S\u0130C\u0130L NO: 57555 \u0130stiklal V.D. 3881490076 ADRES: 75.Y\u0131l Mahallesi Kurtulu\u015f Caddesi<\/p>\n","protected":false},"author":1,"featured_media":0,"parent":0,"menu_order":0,"comment_status":"closed","ping_status":"closed","template":"","meta":{"footnotes":""},"class_list":["post-7262","page","type-page","status-publish","hentry"],"_links":{"self":[{"href":"https:\/\/fimobje.com.tr\/index.php\/wp-json\/wp\/v2\/pages\/7262","targetHints":{"allow":["GET"]}}],"collection":[{"href":"https:\/\/fimobje.com.tr\/index.php\/wp-json\/wp\/v2\/pages"}],"about":[{"href":"https:\/\/fimobje.com.tr\/index.php\/wp-json\/wp\/v2\/types\/page"}],"author":[{"embeddable":true,"href":"https:\/\/fimobje.com.tr\/index.php\/wp-json\/wp\/v2\/users\/1"}],"replies":[{"embeddable":true,"href":"https:\/\/fimobje.com.tr\/index.php\/wp-json\/wp\/v2\/comments?post=7262"}],"version-history":[{"count":1,"href":"https:\/\/fimobje.com.tr\/index.php\/wp-json\/wp\/v2\/pages\/7262\/revisions"}],"predecessor-version":[{"id":7264,"href":"https:\/\/fimobje.com.tr\/index.php\/wp-json\/wp\/v2\/pages\/7262\/revisions\/7264"}],"wp:attachment":[{"href":"https:\/\/fimobje.com.tr\/index.php\/wp-json\/wp\/v2\/media?parent=7262"}],"curies":[{"name":"wp","href":"https:\/\/api.w.org\/{rel}","templated":true}]}}